{"id":26936,"date":"2023-02-07T15:26:31","date_gmt":"2023-02-07T14:26:31","guid":{"rendered":"https:\/\/france-aero.com\/?page_id=26936"},"modified":"2023-02-07T21:48:06","modified_gmt":"2023-02-07T20:48:06","slug":"mentions-legales","status":"publish","type":"page","link":"https:\/\/france-aero.com\/?page_id=26936","title":{"rendered":"Mentions l\u00e9gales"},"content":{"rendered":"\t\t<div data-elementor-type=\"wp-page\" data-elementor-id=\"26936\" class=\"elementor elementor-26936\">\n\t\t\t\t\t\t<section class=\"elementor-section elementor-top-section elementor-element elementor-element-486c2cf1 elementor-section-boxed elementor-section-height-default elementor-section-height-default\" data-id=\"486c2cf1\" data-element_type=\"section\" data-e-type=\"section\" data-settings=\"{&quot;background_background&quot;:&quot;classic&quot;}\">\n\t\t\t\t\t\t<div class=\"elementor-container elementor-column-gap-default\">\n\t\t\t\t\t<div class=\"elementor-column elementor-col-100 elementor-top-column elementor-element elementor-element-3f09ca58\" data-id=\"3f09ca58\" data-element_type=\"column\" data-e-type=\"column\">\n\t\t\t<div class=\"elementor-widget-wrap elementor-element-populated\">\n\t\t\t\t\t\t<div class=\"elementor-element elementor-element-2af84fd8 elementor-widget elementor-widget-heading\" data-id=\"2af84fd8\" data-element_type=\"widget\" data-e-type=\"widget\" data-widget_type=\"heading.default\">\n\t\t\t\t<div class=\"elementor-widget-container\">\n\t\t\t\t\t<h2 class=\"elementor-heading-title elementor-size-default\">Mentions l\u00e9gales<\/h2>\t\t\t\t<\/div>\n\t\t\t\t<\/div>\n\t\t\t\t\t<\/div>\n\t\t<\/div>\n\t\t\t\t\t<\/div>\n\t\t<\/section>\n\t\t\t\t<section class=\"elementor-section elementor-top-section elementor-element elementor-element-3e725a46 elementor-section-boxed elementor-section-height-default elementor-section-height-default\" data-id=\"3e725a46\" data-element_type=\"section\" data-e-type=\"section\">\n\t\t\t\t\t\t<div class=\"elementor-container elementor-column-gap-default\">\n\t\t\t\t\t<div class=\"elementor-column elementor-col-100 elementor-top-column elementor-element elementor-element-39576200\" data-id=\"39576200\" data-element_type=\"column\" data-e-type=\"column\">\n\t\t\t<div class=\"elementor-widget-wrap elementor-element-populated\">\n\t\t\t\t\t\t<div class=\"elementor-element elementor-element-463f4225 elementor-widget elementor-widget-text-editor\" data-id=\"463f4225\" data-element_type=\"widget\" data-e-type=\"widget\" data-widget_type=\"text-editor.default\">\n\t\t\t\t<div class=\"elementor-widget-container\">\n\t\t\t\t\t\t\t\t\t<p><strong>LES MENTIONS L\u00c9GALES<\/strong><\/p><p>Conform\u00e9ment aux dispositions des articles 6-III et 19 de la loi pour la Confiance dans l&rsquo;\u00c9conomie Num\u00e9rique, nous vous informons que :<\/p><p>Vous \u00eates actuellement connect\u00e9 au site internet France A\u00e9ro \u00e9dit\u00e9 par France A\u00e9ro<br \/>Immatriculation au RCS de Limoges sous le n\u00b0 B 392 734 893<\/p><p>Si\u00e8ge social : 81 AV DE L AEROPORT 87100 LIMOGES.<br \/>Adresse du courrier \u00e9lectronique (email) : quote@france-aero.com<\/p><p>La soci\u00e9t\u00e9 France A\u00e9ro est assujettie \u00e0 la TVA et identifi\u00e9e par un num\u00e9ro individuel en application de l&rsquo;article 286 ter du code g\u00e9n\u00e9ral des imp\u00f4ts. Son num\u00e9ro individuel d&rsquo;identification est le FR11392734893<\/p><p><b>Directeur de publication<\/b><br \/>Le directeur de la publication du site www.france-aero.com est Pascal Dugeay. Le responsable \u00e9ditorial du site www.france-aero.com est Pascal Dugeay.<\/p><p>Site internet cr\u00e9e sur WordPress<\/p><p><b>H\u00e9bergeur<\/b><br \/>Le site www.france-aero.com est h\u00e9berg\u00e9 par la soci\u00e9t\u00e9 OVH.<br \/>Adresse : 140 Quai du Sartel, 59100 Roubaix \u2013 France<br \/>T\u00e9l : 0 899 701 761<br \/>Email : support@ovh.com<br \/>Site internet : www.ovh.com<\/p><p><strong>DROITS DE PROPRI\u00c9T\u00c9 INTELLECTUELLE<\/strong><\/p><p>France A\u00e9ro avise les utilisateurs de ce site que de nombreux \u00e9l\u00e9ments de ce site sont prot\u00e9g\u00e9s par la l\u00e9gislation sur le droit d\u2019auteur : ce peut \u00eatre notamment le cas des photographies, des articles, des dessins, des s\u00e9quences anim\u00e9es et\/ou sont prot\u00e9g\u00e9s par la l\u00e9gislation sur les dessins et mod\u00e8les sont prot\u00e9g\u00e9s par la l\u00e9gislation sur les marques.<\/p><p>Les \u00e9l\u00e9ments ainsi prot\u00e9g\u00e9s sont la propri\u00e9t\u00e9 de France A\u00e9ro ou de tiers ayant autoris\u00e9 France A\u00e9ro \u00e0 les exploiter.<\/p><p>A ce titre, toute reproduction, repr\u00e9sentation, utilisation, adaptation, modification, incorporation, traduction, commercialisation, partielles ou int\u00e9grales par quelque proc\u00e9d\u00e9 et sur quelque support que ce soit (papier, num\u00e9rique, \u2026) sont interdites, sans l\u2019autorisation \u00e9crite pr\u00e9alable de France A\u00e9ro, hormis les exceptions vis\u00e9es \u00e0 l\u2019article L 122.5 du Code de la Propri\u00e9t\u00e9 Intellectuelle, sous peine de constituer un d\u00e9lit de contrefa\u00e7on de droit d\u2019auteur et\/ou de dessins et mod\u00e8les et\/ou de marque, puni de deux ans d\u2019emprisonnement et de 150 000\u20ac d\u2019amende.<\/p><p>\u00a0<\/p><p><strong>DROITS D\u2019AUTEUR ET\/OU DROITS SUR LES DESSINS ET MOD\u00c8LES<\/strong><\/p><p>Le pr\u00e9sent site constitue une \u0153uvre originale dont France A\u00e9ro est l\u2019auteur au sens des articles L. 111.1 et suivants du Code de la propri\u00e9t\u00e9 intellectuelle. La conception et le d\u00e9veloppement du dit site ont \u00e9t\u00e9 assur\u00e9s par France A\u00e9ro.<\/p><p>Les photographies, textes, slogans, dessins, images, s\u00e9quences anim\u00e9es sonores ou non ainsi que toutes les \u0153uvres int\u00e9gr\u00e9es dans le site sont la propri\u00e9t\u00e9 de France A\u00e9ro ou de tiers ayant autoris\u00e9 France A\u00e9ro \u00e0 les utiliser.<\/p><p>\u00a0<\/p><p><strong>INFORMATIONS RELATIVES AUX PRODUITS<\/strong><\/p><p>Les informations et illustrations figurant sur les pages de ce site Internet sont bas\u00e9es sur les caract\u00e9ristiques techniques en cours au moment de la mise en ligne ou de la mise \u00e0 jour des diff\u00e9rentes pages du site.<\/p><p>Dans le cadre d\u2019une politique d\u2019am\u00e9lioration constante de ses produits et services, France A\u00e9ro peut modifier \u00e0 tout moment les caract\u00e9ristiques de son offre. Les produits et\/ou services pr\u00e9sent\u00e9s sur ce site sont ceux distribu\u00e9s en France m\u00e9tropolitaine. Ils peuvent varier d\u2019un pays \u00e0 l\u2019autre ou ne pas \u00eatre disponibles dans tous les pays du monde.<\/p><p>En tout \u00e9tat de cause, les informations contenues sur ce site sont des informations \u00e0 caract\u00e8re g\u00e9n\u00e9ral et n\u2019ont pas valeur contractuelle.<\/p><p>\u00a0<\/p><p><strong>DROIT APPLICABLE<\/strong><\/p><p>Le site Internet\u00a0<u><a href=\"http:\/\/www.france-aero.com\">www.france-aero.com<\/a><\/u>\u00a0et les pr\u00e9sentes conditions g\u00e9n\u00e9rales sont soumises au droit fran\u00e7ais et sont r\u00e9dig\u00e9s en fran\u00e7ais. Pour tout litige, il est fait attribution exclusive de juridiction aux tribunaux comp\u00e9tents du ressort de Limoges. France A\u00e9ro se r\u00e9serve le droit de modifier les pr\u00e9sentes mentions \u00e0 tout moment. L\u2019utilisateur s\u2019engage \u00e0 la consulter r\u00e9guli\u00e8rement.<\/p><p>\u00a0<\/p><p><strong>LIMITATION DE RESPONSABILIT\u00c9<\/strong><\/p><p>Vous utilisez le site\u00a0<u><a href=\"http:\/\/www.france-aero.com\">www.france-aero.com<\/a><\/u>\u00a0sous votre seule et enti\u00e8re responsabilit\u00e9. France A\u00e9ro et plus g\u00e9n\u00e9ralement tout prestataire contribuant \u00e0 la conception et \u00e0 la mise en ligne du site ne pourront \u00eatre tenus pour responsable des dommages directs ou indirects, tels que, notamment, pr\u00e9judice mat\u00e9riel, pertes de donn\u00e9es ou de programme, pr\u00e9judice financier, r\u00e9sultant de l\u2019utilisation de ce site ou de sites qui lui sont li\u00e9s.<\/p><p>\u00a0<\/p><p><strong>MISE \u00c0 JOUR<\/strong><\/p><p>France A\u00e9ro se r\u00e9serve le droit de modifier et de mettre \u00e0 jour, sans pr\u00e9avis, les pr\u00e9sentes mentions l\u00e9gales et tous les \u00e9l\u00e9ments, produits pr\u00e9sent\u00e9s sur le site.<\/p><p>L\u2019ensemble de ces modifications s\u2019impose aux internautes qui doivent consulter les pr\u00e9sentes Conditions G\u00e9n\u00e9rales lors de chaque connexion.<\/p><p>\u00a0<\/p><p><strong>DONN\u00c9ES STATISTIQUES DE SUIVI<\/strong><\/p><p>Nous utilisons les donn\u00e9es de connexion pour nos statistiques de consultation (type de navigateur, nombre de visiteurs, rubriques visit\u00e9es\u2026) pour l\u2019optimisation de notre site en termes de rubriques et de navigation, mais ces informations ne sont pas transmises \u00e0 des tiers. Pour plus d\u2019informations, veuillez-vous reporter \u00e0 notre\u00a0<a href=\"https:\/\/france-aero.com\/politique-de-confidentialite\/\">politique de confidentialit\u00e9<\/a>.<\/p><p>\u00a0<\/p>\t\t\t\t\t\t\t\t<\/div>\n\t\t\t\t<\/div>\n\t\t\t\t\t<\/div>\n\t\t<\/div>\n\t\t\t\t\t<\/div>\n\t\t<\/section>\n\t\t\t\t<\/div>\n\t\t","protected":false},"excerpt":{"rendered":"<p>Mentions l\u00e9gales LES MENTIONS L\u00c9GALES Conform\u00e9ment aux dispositions des articles 6-III et 19 de la loi pour la Confiance dans l&rsquo;\u00c9conomie Num\u00e9rique, nous vous informons que : Vous \u00eates actuellement connect\u00e9 au site internet France A\u00e9ro \u00e9dit\u00e9 par France A\u00e9roImmatriculation au RCS de Limoges sous le n\u00b0 B 392 734 893 Si\u00e8ge social : 81 [&hellip;]<\/p>\n","protected":false},"author":1,"featured_media":0,"parent":0,"menu_order":0,"comment_status":"closed","ping_status":"closed","template":"","meta":{"site-sidebar-layout":"no-sidebar","site-content-layout":"page-builder","ast-site-content-layout":"default","site-content-style":"default","site-sidebar-style":"default","ast-global-header-display":"","ast-banner-title-visibility":"","ast-main-header-display":"","ast-hfb-above-header-display":"","ast-hfb-below-header-display":"","ast-hfb-mobile-header-display":"","site-post-title":"disabled","ast-breadcrumbs-content":"","ast-featured-img":"disabled","footer-sml-layout":"","ast-disable-related-posts":"","theme-transparent-header-meta":"","adv-header-id-meta":"","stick-header-meta":"","header-above-stick-meta":"","header-main-stick-meta":"","header-below-stick-meta":"","astra-migrate-meta-layouts":"default","ast-page-background-enabled":"default","ast-page-background-meta":{"desktop":{"background-color":"","background-image":"","background-repeat":"repeat","background-position":"center center","background-size":"auto","background-attachment":"scroll","background-type":"","background-media":"","overlay-type":"","overlay-color":"","overlay-opacity":"","overlay-gradient":""},"tablet":{"background-color":"","background-image":"","background-repeat":"repeat","background-position":"center center","background-size":"auto","background-attachment":"scroll","background-type":"","background-media":"","overlay-type":"","overlay-color":"","overlay-opacity":"","overlay-gradient":""},"mobile":{"background-color":"","background-image":"","background-repeat":"repeat","background-position":"center center","background-size":"auto","background-attachment":"scroll","background-type":"","background-media":"","overlay-type":"","overlay-color":"","overlay-opacity":"","overlay-gradient":""}},"ast-content-background-meta":{"desktop":{"background-color":"var(--ast-global-color-5)","background-image":"","background-repeat":"repeat","background-position":"center center","background-size":"auto","background-attachment":"scroll","background-type":"","background-media":"","overlay-type":"","overlay-color":"","overlay-opacity":"","overlay-gradient":""},"tablet":{"background-color":"var(--ast-global-color-5)","background-image":"","background-repeat":"repeat","background-position":"center center","background-size":"auto","background-attachment":"scroll","background-type":"","background-media":"","overlay-type":"","overlay-color":"","overlay-opacity":"","overlay-gradient":""},"mobile":{"background-color":"var(--ast-global-color-5)","background-image":"","background-repeat":"repeat","background-position":"center center","background-size":"auto","background-attachment":"scroll","background-type":"","background-media":"","overlay-type":"","overlay-color":"","overlay-opacity":"","overlay-gradient":""}},"footnotes":""},"class_list":["post-26936","page","type-page","status-publish","hentry"],"lang":"fr","translations":{"fr":26936,"en":26945},"pll_sync_post":[],"_links":{"self":[{"href":"https:\/\/france-aero.com\/index.php?rest_route=\/wp\/v2\/pages\/26936","targetHints":{"allow":["GET"]}}],"collection":[{"href":"https:\/\/france-aero.com\/index.php?rest_route=\/wp\/v2\/pages"}],"about":[{"href":"https:\/\/france-aero.com\/index.php?rest_route=\/wp\/v2\/types\/page"}],"author":[{"embeddable":true,"href":"https:\/\/france-aero.com\/index.php?rest_route=\/wp\/v2\/users\/1"}],"replies":[{"embeddable":true,"href":"https:\/\/france-aero.com\/index.php?rest_route=%2Fwp%2Fv2%2Fcomments&post=26936"}],"version-history":[{"count":11,"href":"https:\/\/france-aero.com\/index.php?rest_route=\/wp\/v2\/pages\/26936\/revisions"}],"predecessor-version":[{"id":26975,"href":"https:\/\/france-aero.com\/index.php?rest_route=\/wp\/v2\/pages\/26936\/revisions\/26975"}],"wp:attachment":[{"href":"https:\/\/france-aero.com\/index.php?rest_route=%2Fwp%2Fv2%2Fmedia&parent=26936"}],"curies":[{"name":"wp","href":"https:\/\/api.w.org\/{rel}","templated":true}]}}