{"id":25414,"date":"2023-01-21T14:19:49","date_gmt":"2023-01-21T14:19:49","guid":{"rendered":"https:\/\/france-aero.com\/?page_id=25414"},"modified":"2023-12-13T10:26:21","modified_gmt":"2023-12-13T09:26:21","slug":"nos-produits","status":"publish","type":"page","link":"https:\/\/france-aero.com\/?page_id=25414","title":{"rendered":"Nos Produits"},"content":{"rendered":"\t\t<div data-elementor-type=\"wp-page\" data-elementor-id=\"25414\" class=\"elementor elementor-25414\">\n\t\t\t\t\t\t<section class=\"elementor-section elementor-top-section elementor-element elementor-element-7180eb83 elementor-section-boxed elementor-section-height-default elementor-section-height-default\" data-id=\"7180eb83\" data-element_type=\"section\" data-e-type=\"section\" data-settings=\"{&quot;background_background&quot;:&quot;classic&quot;}\">\n\t\t\t\t\t\t<div class=\"elementor-container elementor-column-gap-default\">\n\t\t\t\t\t<div class=\"elementor-column elementor-col-100 elementor-top-column elementor-element elementor-element-47dfcd21\" data-id=\"47dfcd21\" data-element_type=\"column\" data-e-type=\"column\">\n\t\t\t<div class=\"elementor-widget-wrap elementor-element-populated\">\n\t\t\t\t\t\t<div class=\"elementor-element elementor-element-7efe6b82 elementor-widget elementor-widget-image-box\" data-id=\"7efe6b82\" data-element_type=\"widget\" data-e-type=\"widget\" data-widget_type=\"image-box.default\">\n\t\t\t\t<div class=\"elementor-widget-container\">\n\t\t\t\t\t<div class=\"elementor-image-box-wrapper\"><div class=\"elementor-image-box-content\"><h1 class=\"elementor-image-box-title\">Nos Produits<\/h1><p class=\"elementor-image-box-description\">L'excellence au service de l'Industrie A\u00e9ronautique militaire et civile<\/p><\/div><\/div>\t\t\t\t<\/div>\n\t\t\t\t<\/div>\n\t\t\t\t\t<\/div>\n\t\t<\/div>\n\t\t\t\t\t<\/div>\n\t\t<\/section>\n\t\t\t\t<section class=\"elementor-section elementor-top-section elementor-element elementor-element-0b99f89 elementor-section-boxed elementor-section-height-default elementor-section-height-default\" data-id=\"0b99f89\" data-element_type=\"section\" data-e-type=\"section\">\n\t\t\t\t\t\t<div class=\"elementor-container elementor-column-gap-default\">\n\t\t\t\t\t<div class=\"elementor-column elementor-col-100 elementor-top-column elementor-element elementor-element-0af88ff\" data-id=\"0af88ff\" data-element_type=\"column\" data-e-type=\"column\">\n\t\t\t<div class=\"elementor-widget-wrap elementor-element-populated\">\n\t\t\t\t\t\t<div class=\"elementor-element elementor-element-efc3601 elementor-widget elementor-widget-text-editor\" data-id=\"efc3601\" data-element_type=\"widget\" data-e-type=\"widget\" data-widget_type=\"text-editor.default\">\n\t\t\t\t<div class=\"elementor-widget-container\">\n\t\t\t\t\t\t\t\t\t<p style=\"text-align: center;\">Nous sommes fiers de fournir une large gamme de produits de qualit\u00e9 pour les avions civils, militaires et simulateurs.<\/p><p style=\"text-align: center;\">Agusta, Airbus, Beechcraft, Boeing, Cessna, Daher Socata, Dassault, Embraer, Fairchild, Falcon, Hawker, Piper&#8230;<\/p><p style=\"text-align: center;\">Nous proposons \u00e9galement un service de r\u00e9paration et maintenance de pi\u00e8ces.<\/p><p style=\"text-align: center;\">Les produits que nous vendons r\u00e9pondent aux normes de qualit\u00e9 les plus \u00e9lev\u00e9es de l&rsquo;industrie a\u00e9ronautique.<\/p><p style=\"text-align: center;\">Notre ligne de conduite :\u00a0 un chiffrage rapide et proposer des produits de qualit\u00e9 \u00e0 des prix comp\u00e9titifs.<\/p><p style=\"text-align: center;\">Si vous avez besoin de trouver une pi\u00e8ce particuli\u00e8re pour votre avion, n&rsquo;h\u00e9sitez pas \u00e0 nous contacter. Nous sommes l\u00e0 pour vous aider \u00e0 trouver la pi\u00e8ce qui convient le mieux \u00e0 vos besoins.<\/p>\t\t\t\t\t\t\t\t<\/div>\n\t\t\t\t<\/div>\n\t\t\t\t\t<\/div>\n\t\t<\/div>\n\t\t\t\t\t<\/div>\n\t\t<\/section>\n\t\t\t\t<section class=\"elementor-section elementor-top-section elementor-element elementor-element-ldyq06r elementor-reverse-mobile elementor-section-boxed elementor-section-height-default elementor-section-height-default\" data-id=\"ldyq06r\" data-element_type=\"section\" data-e-type=\"section\">\n\t\t\t\t\t\t<div class=\"elementor-container elementor-column-gap-no\">\n\t\t\t\t\t<div class=\"elementor-column elementor-col-50 elementor-top-column elementor-element elementor-element-1148300\" data-id=\"1148300\" data-element_type=\"column\" data-e-type=\"column\">\n\t\t\t<div class=\"elementor-widget-wrap elementor-element-populated\">\n\t\t\t\t\t\t<div class=\"elementor-element elementor-element-f142ca0 elementor-widget elementor-widget-image-box\" data-id=\"f142ca0\" data-element_type=\"widget\" data-e-type=\"widget\" data-widget_type=\"image-box.default\">\n\t\t\t\t<div class=\"elementor-widget-container\">\n\t\t\t\t\t<div class=\"elementor-image-box-wrapper\"><div class=\"elementor-image-box-content\"><h2 class=\"elementor-image-box-title\">Pi\u00e8ces d'avion OEM<\/h2><p class=\"elementor-image-box-description\">Les pi\u00e8ces OEM (Original Equipment Manufacturer) sont des pi\u00e8ces fabriqu\u00e9es par le constructeur d'origine de l'avion. Elles sont con\u00e7ues pour remplacer les pi\u00e8ces d'origine d\u00e9fectueuses et garantissent une performance optimale et une conformit\u00e9 avec les sp\u00e9cifications du constructeur. Elles offrent une qualit\u00e9 sup\u00e9rieure et une fiabilit\u00e9 \u00e0 long terme pour les a\u00e9ronefs, ce qui en fait le choix id\u00e9al pour les professionnels de l'industrie a\u00e9ronautique.<br><br>Nous avons une large gamme de produits de pi\u00e8ces d'avion OEM pour divers types d'avions, y compris les avions commerciaux, les avions d'affaires, les h\u00e9licopt\u00e8res, les avions militaires et les avions d'entra\u00eenement. <br><br>\nNous travaillons en \u00e9troite collaboration avec les fabricants de renom pour s'assurer que nos produits r\u00e9pondent aux normes les plus strictes en mati\u00e8re de s\u00e9curit\u00e9 et de qualit\u00e9.<br><br>\nChez nous, nous proposons une vaste s\u00e9lection de pi\u00e8ces OEM de diff\u00e9rentes marques de constructeurs d'avions. Nous offrons une qualit\u00e9 sup\u00e9rieure, un service client exceptionnel et des prix comp\u00e9titifs pour aider nos clients \u00e0 maintenir leur flotte en bon \u00e9tat de marche. N'h\u00e9sitez pas \u00e0 nous contacter pour plus d'informations sur nos produits OEM.<\/p><\/div><\/div>\t\t\t\t<\/div>\n\t\t\t\t<\/div>\n\t\t\t\t<div class=\"elementor-element elementor-element-7334a220 elementor-widget elementor-widget-button\" data-id=\"7334a220\" data-element_type=\"widget\" data-e-type=\"widget\" data-widget_type=\"button.default\">\n\t\t\t\t<div class=\"elementor-widget-container\">\n\t\t\t\t\t\t\t\t\t<div class=\"elementor-button-wrapper\">\n\t\t\t\t\t<a class=\"elementor-button elementor-button-link elementor-size-sm\" href=\"https:\/\/france-aero.com\/?page_id=26095\">\n\t\t\t\t\t\t<span class=\"elementor-button-content-wrapper\">\n\t\t\t\t\t\t\t\t\t<span class=\"elementor-button-text\">Contact \/ Cotation<\/span>\n\t\t\t\t\t<\/span>\n\t\t\t\t\t<\/a>\n\t\t\t\t<\/div>\n\t\t\t\t\t\t\t\t<\/div>\n\t\t\t\t<\/div>\n\t\t\t\t\t<\/div>\n\t\t<\/div>\n\t\t\t\t<div class=\"elementor-column elementor-col-50 elementor-top-column elementor-element elementor-element-7285665\" data-id=\"7285665\" data-element_type=\"column\" data-e-type=\"column\">\n\t\t\t<div class=\"elementor-widget-wrap elementor-element-populated\">\n\t\t\t\t\t\t<div class=\"elementor-element elementor-element-508aa5f0 elementor-widget elementor-widget-image\" data-id=\"508aa5f0\" data-element_type=\"widget\" data-e-type=\"widget\" data-widget_type=\"image.default\">\n\t\t\t\t<div class=\"elementor-widget-container\">\n\t\t\t\t\t\t\t\t\t\t\t\t\t\t\t<img fetchpriority=\"high\" decoding=\"async\" width=\"800\" height=\"800\" src=\"https:\/\/france-aero.com\/wp-content\/uploads\/2023\/01\/kit-cylindre-equipe-millenium-sl32006w-a20p.jpg\" class=\"attachment-large size-large wp-image-26015\" alt=\"\" srcset=\"https:\/\/france-aero.com\/wp-content\/uploads\/2023\/01\/kit-cylindre-equipe-millenium-sl32006w-a20p.jpg 800w, https:\/\/france-aero.com\/wp-content\/uploads\/2023\/01\/kit-cylindre-equipe-millenium-sl32006w-a20p-300x300.jpg 300w, https:\/\/france-aero.com\/wp-content\/uploads\/2023\/01\/kit-cylindre-equipe-millenium-sl32006w-a20p-150x150.jpg 150w, https:\/\/france-aero.com\/wp-content\/uploads\/2023\/01\/kit-cylindre-equipe-millenium-sl32006w-a20p-768x768.jpg 768w\" sizes=\"(max-width: 800px) 100vw, 800px\" \/>\t\t\t\t\t\t\t\t\t\t\t\t\t\t\t<\/div>\n\t\t\t\t<\/div>\n\t\t\t\t\t<\/div>\n\t\t<\/div>\n\t\t\t\t\t<\/div>\n\t\t<\/section>\n\t\t\t\t<section class=\"elementor-section elementor-top-section elementor-element elementor-element-pyudcir elementor-section-boxed elementor-section-height-default elementor-section-height-default\" data-id=\"pyudcir\" data-element_type=\"section\" data-e-type=\"section\">\n\t\t\t\t\t\t<div class=\"elementor-container elementor-column-gap-no\">\n\t\t\t\t\t<div class=\"elementor-column elementor-col-50 elementor-top-column elementor-element elementor-element-4b9de95\" data-id=\"4b9de95\" data-element_type=\"column\" data-e-type=\"column\">\n\t\t\t<div class=\"elementor-widget-wrap elementor-element-populated\">\n\t\t\t\t\t\t<div class=\"elementor-element elementor-element-1fab74e0 elementor-widget elementor-widget-image\" data-id=\"1fab74e0\" data-element_type=\"widget\" data-e-type=\"widget\" data-widget_type=\"image.default\">\n\t\t\t\t<div class=\"elementor-widget-container\">\n\t\t\t\t\t\t\t\t\t\t\t\t\t\t\t<img decoding=\"async\" width=\"683\" height=\"1024\" src=\"https:\/\/france-aero.com\/wp-content\/uploads\/2023\/01\/pexels-sahin-sezer-dincer-3942318-683x1024.jpg\" class=\"attachment-large size-large wp-image-26140\" alt=\"\" srcset=\"https:\/\/france-aero.com\/wp-content\/uploads\/2023\/01\/pexels-sahin-sezer-dincer-3942318-683x1024.jpg 683w, https:\/\/france-aero.com\/wp-content\/uploads\/2023\/01\/pexels-sahin-sezer-dincer-3942318-200x300.jpg 200w, https:\/\/france-aero.com\/wp-content\/uploads\/2023\/01\/pexels-sahin-sezer-dincer-3942318-768x1152.jpg 768w, https:\/\/france-aero.com\/wp-content\/uploads\/2023\/01\/pexels-sahin-sezer-dincer-3942318-1024x1536.jpg 1024w, https:\/\/france-aero.com\/wp-content\/uploads\/2023\/01\/pexels-sahin-sezer-dincer-3942318-1365x2048.jpg 1365w, https:\/\/france-aero.com\/wp-content\/uploads\/2023\/01\/pexels-sahin-sezer-dincer-3942318-scaled.jpg 1707w\" sizes=\"(max-width: 683px) 100vw, 683px\" \/>\t\t\t\t\t\t\t\t\t\t\t\t\t\t\t<\/div>\n\t\t\t\t<\/div>\n\t\t\t\t\t<\/div>\n\t\t<\/div>\n\t\t\t\t<div class=\"elementor-column elementor-col-50 elementor-top-column elementor-element elementor-element-ddc17dc\" data-id=\"ddc17dc\" data-element_type=\"column\" data-e-type=\"column\">\n\t\t\t<div class=\"elementor-widget-wrap elementor-element-populated\">\n\t\t\t\t\t\t<div class=\"elementor-element elementor-element-5fd89a9 elementor-widget elementor-widget-image-box\" data-id=\"5fd89a9\" data-element_type=\"widget\" data-e-type=\"widget\" data-widget_type=\"image-box.default\">\n\t\t\t\t<div class=\"elementor-widget-container\">\n\t\t\t\t\t<div class=\"elementor-image-box-wrapper\"><div class=\"elementor-image-box-content\"><h2 class=\"elementor-image-box-title\">Pi\u00e8ces d'avion PMA<\/h2><p class=\"elementor-image-box-description\">Les pi\u00e8ces d'avion PMA (Approval Parts Manufacturer) sont des pi\u00e8ces alternatives produites par des fabricants autres que ceux du constructeur d'origine. Elles sont souvent plus abordables tout en \u00e9tant de qualit\u00e9 \u00e9quivalente aux pi\u00e8ces OEM (Original Equipment Manufacturer).<br><br>\nNotre entreprise propose un vaste choix de pi\u00e8ces PMA pour les avions civils et militaires, incluant des pi\u00e8ces critiques telles que les moteurs, les h\u00e9lices, les \u00e9quipements \u00e9lectroniques et les composants m\u00e9caniques. Nous travaillons avec les meilleurs fabricants PMA pour garantir la qualit\u00e9 et la fiabilit\u00e9 de nos produits.<br><br>\nNous comprenons l'importance de disposer de pi\u00e8ces n\u00e9cessaires pour assurer la continuit\u00e9 des op\u00e9rations a\u00e9riennes, c'est pourquoi nous offrons une livraison rapide et fiable. Nous nous engageons \u00e0 vous fournir des pi\u00e8ces PMA fiables pour un co\u00fbt r\u00e9duit sans sacrifier la qualit\u00e9.<br><br>\nEn choisissant de travailler avec nous pour vos besoins en pi\u00e8ces PMA, vous b\u00e9n\u00e9ficierez d'un service client d\u00e9di\u00e9 et d'une gamme compl\u00e8te de produits fiables pour vos avions civils et militaires. Contactez-nous d\u00e8s aujourd'hui pour en savoir plus sur nos produits et services.<\/p><\/div><\/div>\t\t\t\t<\/div>\n\t\t\t\t<\/div>\n\t\t\t\t<div class=\"elementor-element elementor-element-d6d9527 elementor-widget elementor-widget-button\" data-id=\"d6d9527\" data-element_type=\"widget\" data-e-type=\"widget\" data-widget_type=\"button.default\">\n\t\t\t\t<div class=\"elementor-widget-container\">\n\t\t\t\t\t\t\t\t\t<div class=\"elementor-button-wrapper\">\n\t\t\t\t\t<a class=\"elementor-button elementor-button-link elementor-size-sm\" href=\"https:\/\/france-aero.com\/?page_id=26095\">\n\t\t\t\t\t\t<span class=\"elementor-button-content-wrapper\">\n\t\t\t\t\t\t\t\t\t<span class=\"elementor-button-text\">Contact \/ Cotation<\/span>\n\t\t\t\t\t<\/span>\n\t\t\t\t\t<\/a>\n\t\t\t\t<\/div>\n\t\t\t\t\t\t\t\t<\/div>\n\t\t\t\t<\/div>\n\t\t\t\t\t<\/div>\n\t\t<\/div>\n\t\t\t\t\t<\/div>\n\t\t<\/section>\n\t\t\t\t<section class=\"elementor-section elementor-top-section elementor-element elementor-element-nqxdksv elementor-reverse-mobile elementor-section-boxed elementor-section-height-default elementor-section-height-default\" data-id=\"nqxdksv\" data-element_type=\"section\" data-e-type=\"section\">\n\t\t\t\t\t\t<div class=\"elementor-container elementor-column-gap-no\">\n\t\t\t\t\t<div class=\"elementor-column elementor-col-50 elementor-top-column elementor-element elementor-element-355c572\" data-id=\"355c572\" data-element_type=\"column\" data-e-type=\"column\">\n\t\t\t<div class=\"elementor-widget-wrap elementor-element-populated\">\n\t\t\t\t\t\t<div class=\"elementor-element elementor-element-feeaa45 elementor-widget elementor-widget-image-box\" data-id=\"feeaa45\" data-element_type=\"widget\" data-e-type=\"widget\" data-widget_type=\"image-box.default\">\n\t\t\t\t<div class=\"elementor-widget-container\">\n\t\t\t\t\t<div class=\"elementor-image-box-wrapper\"><div class=\"elementor-image-box-content\"><h2 class=\"elementor-image-box-title\">R\u00e9vision et r\u00e9paration<\/h2><p class=\"elementor-image-box-description\">Nous sommes fi\u00e8res de travailler avec  un vaste r\u00e9seau d\u2019ateliers de maintenance pour vous offrir un service de r\u00e9vision et de r\u00e9paration de qualit\u00e9 pour vos pi\u00e8ces a\u00e9ronautiques qui dispose d'\u00e9quipes de techniciens exp\u00e9riment\u00e9s et form\u00e9s r\u00e9guli\u00e8rement pour r\u00e9pondre \u00e0 tous vos besoins. Nous nous engageons \u00e0 respecter les normes de s\u00e9curit\u00e9 les plus strictes pour vous garantir un service de qualit\u00e9 sup\u00e9rieure. Nous sommes \u00e9galement en mesure de vous proposer des solutions de remplacement en cas de pi\u00e8ces endommag\u00e9es ou obsol\u00e8tes.<br><br>\n\nVous pouvez compter sur nous pour une r\u00e9vision rapide et efficace de vos pi\u00e8ces a\u00e9ronautiques. N'h\u00e9sitez pas \u00e0 nous contacter pour plus d'informations sur nos services de r\u00e9vision et de r\u00e9paration.<\/p><\/div><\/div>\t\t\t\t<\/div>\n\t\t\t\t<\/div>\n\t\t\t\t<div class=\"elementor-element elementor-element-882c271 elementor-widget elementor-widget-button\" data-id=\"882c271\" data-element_type=\"widget\" data-e-type=\"widget\" data-widget_type=\"button.default\">\n\t\t\t\t<div class=\"elementor-widget-container\">\n\t\t\t\t\t\t\t\t\t<div class=\"elementor-button-wrapper\">\n\t\t\t\t\t<a class=\"elementor-button elementor-button-link elementor-size-sm\" href=\"https:\/\/france-aero.com\/?page_id=26095\">\n\t\t\t\t\t\t<span class=\"elementor-button-content-wrapper\">\n\t\t\t\t\t\t\t\t\t<span class=\"elementor-button-text\">Contact \/ Cotation<\/span>\n\t\t\t\t\t<\/span>\n\t\t\t\t\t<\/a>\n\t\t\t\t<\/div>\n\t\t\t\t\t\t\t\t<\/div>\n\t\t\t\t<\/div>\n\t\t\t\t\t<\/div>\n\t\t<\/div>\n\t\t\t\t<div class=\"elementor-column elementor-col-50 elementor-top-column elementor-element elementor-element-623a32c\" data-id=\"623a32c\" data-element_type=\"column\" data-e-type=\"column\">\n\t\t\t<div class=\"elementor-widget-wrap elementor-element-populated\">\n\t\t\t\t\t\t<div class=\"elementor-element elementor-element-628e670 elementor-widget elementor-widget-image\" data-id=\"628e670\" data-element_type=\"widget\" data-e-type=\"widget\" data-widget_type=\"image.default\">\n\t\t\t\t<div class=\"elementor-widget-container\">\n\t\t\t\t\t\t\t\t\t\t\t\t\t\t\t<img decoding=\"async\" width=\"1024\" height=\"539\" src=\"https:\/\/france-aero.com\/wp-content\/uploads\/2023\/01\/air-tav0131-objets-design-6-1024x539.jpg\" class=\"attachment-large size-large wp-image-26014\" alt=\"\" srcset=\"https:\/\/france-aero.com\/wp-content\/uploads\/2023\/01\/air-tav0131-objets-design-6-1024x539.jpg 1024w, https:\/\/france-aero.com\/wp-content\/uploads\/2023\/01\/air-tav0131-objets-design-6-300x158.jpg 300w, https:\/\/france-aero.com\/wp-content\/uploads\/2023\/01\/air-tav0131-objets-design-6-768x404.jpg 768w, https:\/\/france-aero.com\/wp-content\/uploads\/2023\/01\/air-tav0131-objets-design-6.jpg 1200w\" sizes=\"(max-width: 1024px) 100vw, 1024px\" \/>\t\t\t\t\t\t\t\t\t\t\t\t\t\t\t<\/div>\n\t\t\t\t<\/div>\n\t\t\t\t\t<\/div>\n\t\t<\/div>\n\t\t\t\t\t<\/div>\n\t\t<\/section>\n\t\t\t\t<\/div>\n\t\t","protected":false},"excerpt":{"rendered":"<p>Nos Produits L&rsquo;excellence au service de l&rsquo;Industrie A\u00e9ronautique militaire et civile Nous sommes fiers de fournir une large gamme de produits de qualit\u00e9 pour les avions civils, militaires et simulateurs. Agusta, Airbus, Beechcraft, Boeing, Cessna, Daher Socata, Dassault, Embraer, Fairchild, Falcon, Hawker, Piper&#8230; Nous proposons \u00e9galement un service de r\u00e9paration et maintenance de pi\u00e8ces. Les [&hellip;]<\/p>\n","protected":false},"author":1,"featured_media":0,"parent":0,"menu_order":0,"comment_status":"closed","ping_status":"closed","template":"","meta":{"site-sidebar-layout":"no-sidebar","site-content-layout":"page-builder","ast-site-content-layout":"default","site-content-style":"default","site-sidebar-style":"default","ast-global-header-display":"","ast-banner-title-visibility":"","ast-main-header-display":"","ast-hfb-above-header-display":"","ast-hfb-below-header-display":"","ast-hfb-mobile-header-display":"","site-post-title":"disabled","ast-breadcrumbs-content":"","ast-featured-img":"disabled","footer-sml-layout":"","ast-disable-related-posts":"","theme-transparent-header-meta":"","adv-header-id-meta":"","stick-header-meta":"","header-above-stick-meta":"","header-main-stick-meta":"","header-below-stick-meta":"","astra-migrate-meta-layouts":"default","ast-page-background-enabled":"default","ast-page-background-meta":{"desktop":{"background-color":"","background-image":"","background-repeat":"repeat","background-position":"center center","background-size":"auto","background-attachment":"scroll","background-type":"","background-media":"","overlay-type":"","overlay-color":"","overlay-opacity":"","overlay-gradient":""},"tablet":{"background-color":"","background-image":"","background-repeat":"repeat","background-position":"center center","background-size":"auto","background-attachment":"scroll","background-type":"","background-media":"","overlay-type":"","overlay-color":"","overlay-opacity":"","overlay-gradient":""},"mobile":{"background-color":"","background-image":"","background-repeat":"repeat","background-position":"center center","background-size":"auto","background-attachment":"scroll","background-type":"","background-media":"","overlay-type":"","overlay-color":"","overlay-opacity":"","overlay-gradient":""}},"ast-content-background-meta":{"desktop":{"background-color":"var(--ast-global-color-5)","background-image":"","background-repeat":"repeat","background-position":"center center","background-size":"auto","background-attachment":"scroll","background-type":"","background-media":"","overlay-type":"","overlay-color":"","overlay-opacity":"","overlay-gradient":""},"tablet":{"background-color":"var(--ast-global-color-5)","background-image":"","background-repeat":"repeat","background-position":"center center","background-size":"auto","background-attachment":"scroll","background-type":"","background-media":"","overlay-type":"","overlay-color":"","overlay-opacity":"","overlay-gradient":""},"mobile":{"background-color":"var(--ast-global-color-5)","background-image":"","background-repeat":"repeat","background-position":"center center","background-size":"auto","background-attachment":"scroll","background-type":"","background-media":"","overlay-type":"","overlay-color":"","overlay-opacity":"","overlay-gradient":""}},"footnotes":""},"class_list":["post-25414","page","type-page","status-publish","hentry"],"lang":"fr","translations":{"fr":25414,"en":26699},"pll_sync_post":[],"_links":{"self":[{"href":"https:\/\/france-aero.com\/index.php?rest_route=\/wp\/v2\/pages\/25414","targetHints":{"allow":["GET"]}}],"collection":[{"href":"https:\/\/france-aero.com\/index.php?rest_route=\/wp\/v2\/pages"}],"about":[{"href":"https:\/\/france-aero.com\/index.php?rest_route=\/wp\/v2\/types\/page"}],"author":[{"embeddable":true,"href":"https:\/\/france-aero.com\/index.php?rest_route=\/wp\/v2\/users\/1"}],"replies":[{"embeddable":true,"href":"https:\/\/france-aero.com\/index.php?rest_route=%2Fwp%2Fv2%2Fcomments&post=25414"}],"version-history":[{"count":7,"href":"https:\/\/france-aero.com\/index.php?rest_route=\/wp\/v2\/pages\/25414\/revisions"}],"predecessor-version":[{"id":26999,"href":"https:\/\/france-aero.com\/index.php?rest_route=\/wp\/v2\/pages\/25414\/revisions\/26999"}],"wp:attachment":[{"href":"https:\/\/france-aero.com\/index.php?rest_route=%2Fwp%2Fv2%2Fmedia&parent=25414"}],"curies":[{"name":"wp","href":"https:\/\/api.w.org\/{rel}","templated":true}]}}