{"id":25399,"date":"2023-01-21T13:55:28","date_gmt":"2023-01-21T12:55:28","guid":{"rendered":"https:\/\/france-aero.com\/?page_id=25399"},"modified":"2023-02-07T15:02:05","modified_gmt":"2023-02-07T14:02:05","slug":"politique-de-confidentialite","status":"publish","type":"page","link":"https:\/\/france-aero.com\/?page_id=25399","title":{"rendered":"Politique de confidentialit\u00e9"},"content":{"rendered":"\t\t<div data-elementor-type=\"wp-page\" data-elementor-id=\"25399\" class=\"elementor elementor-25399\">\n\t\t\t\t\t\t<section class=\"elementor-section elementor-top-section elementor-element elementor-element-efebd53 elementor-section-boxed elementor-section-height-default elementor-section-height-default\" data-id=\"efebd53\" data-element_type=\"section\" data-e-type=\"section\" data-settings=\"{&quot;background_background&quot;:&quot;classic&quot;}\">\n\t\t\t\t\t\t<div class=\"elementor-container elementor-column-gap-default\">\n\t\t\t\t\t<div class=\"elementor-column elementor-col-100 elementor-top-column elementor-element elementor-element-51d74df\" data-id=\"51d74df\" data-element_type=\"column\" data-e-type=\"column\">\n\t\t\t<div class=\"elementor-widget-wrap elementor-element-populated\">\n\t\t\t\t\t\t<div class=\"elementor-element elementor-element-2235cf9 elementor-widget elementor-widget-heading\" data-id=\"2235cf9\" data-element_type=\"widget\" data-e-type=\"widget\" data-widget_type=\"heading.default\">\n\t\t\t\t<div class=\"elementor-widget-container\">\n\t\t\t\t\t<h2 class=\"elementor-heading-title elementor-size-default\">POLITIQUE DE CONFIDENTIALITE<\/h2>\t\t\t\t<\/div>\n\t\t\t\t<\/div>\n\t\t\t\t\t<\/div>\n\t\t<\/div>\n\t\t\t\t\t<\/div>\n\t\t<\/section>\n\t\t\t\t<section class=\"elementor-section elementor-top-section elementor-element elementor-element-cbda0db elementor-section-boxed elementor-section-height-default elementor-section-height-default\" data-id=\"cbda0db\" data-element_type=\"section\" data-e-type=\"section\">\n\t\t\t\t\t\t<div class=\"elementor-container elementor-column-gap-default\">\n\t\t\t\t\t<div class=\"elementor-column elementor-col-100 elementor-top-column elementor-element elementor-element-12e6ed22\" data-id=\"12e6ed22\" data-element_type=\"column\" data-e-type=\"column\">\n\t\t\t<div class=\"elementor-widget-wrap elementor-element-populated\">\n\t\t\t\t\t\t<div class=\"elementor-element elementor-element-57e8b2a2 elementor-widget elementor-widget-text-editor\" data-id=\"57e8b2a2\" data-element_type=\"widget\" data-e-type=\"widget\" data-widget_type=\"text-editor.default\">\n\t\t\t\t<div class=\"elementor-widget-container\">\n\t\t\t\t\t\t\t\t\t\n<p><strong>POLITIQUE DE CONFIDENTIALITE<\/strong><\/p>\n\n\n\n<p><strong>France Aero est d\u00e9termin\u00e9 \u00e0 prot\u00e9ger vos informations personnelles. Notre d\u00e9claration de confidentialit\u00e9 contient des informations importantes relatives \u00e0 votre utilisation du site France Aero :<\/strong><\/p>\n\n\n\n<p><strong>L\u2019utilisateur doit exactement savoir pour quoi et comment vont \u00eatre utilis\u00e9es ses donn\u00e9es personnelles afin de pouvoir accepter et valider en toute connaissance de cause le consentement.<\/strong><\/p>\n\n\n\n<p><strong><u>Configuration compte client&nbsp;:<\/u><\/strong><\/p>\n\n\n\n<p>Notre soci\u00e9t\u00e9 recueille vos donn\u00e9es afin de traiter votre inscription. Les donn\u00e9es requises sont n\u00e9cessaires pour en assurer le suivi, pouvoir vous inscrire et sont r\u00e9serv\u00e9es \u00e0 l\u2019usage exclusif de notre soci\u00e9t\u00e9. Elles ne seront en aucun cas communiqu\u00e9es \u00e0 des tiers.<\/p>\n\n\n\n<p>La cr\u00e9ation d\u2019un espace personnel est un pr\u00e9alable indispensable \u00e0 toute commande d\u2019un&nbsp;<strong>Internaute\/Visiteur<\/strong>&nbsp;sur le&nbsp;<strong>Site<\/strong>. A cette fin, l\u2019<strong>Internaute\/Visiteur<\/strong>&nbsp;sera invit\u00e9 \u00e0 fournir un certain nombre d\u2019informations personnelles. Certaines de ces informations sont r\u00e9put\u00e9es indispensables \u00e0 la cr\u00e9ation de l\u2019espace personnel. Le refus par un&nbsp;<strong>Internaute\/Visiteur<\/strong>&nbsp;de fournir lesdites informations aura pour effet d\u2019emp\u00eacher la cr\u00e9ation de l\u2019espace personnel ainsi que, incidemment, la validation de la commande.<\/p>\n\n\n\n<p>Lors de la cr\u00e9ation de l\u2019espace personnel, l\u2019<strong>Internaute\/Visiteur<\/strong>&nbsp;est invit\u00e9 \u00e0 choisir un mot de passe. Ce mot de passe constitue la garantie de la confidentialit\u00e9 des informations contenues dans l\u2019espace personnel. L\u2019<strong>Internaute\/Visiteur<\/strong>&nbsp;s\u2019interdit donc de le transmettre ou de le communiquer \u00e0 un tiers. A d\u00e9faut, Briques D\u00e9lices ne pourra \u00eatre tenu pour responsable des acc\u00e8s non autoris\u00e9s \u00e0 l\u2019espace personnel d\u2019un&nbsp;<strong>Internaute\/Visiteur<\/strong>.<\/p>\n\n\n\n<p>Le&nbsp;<strong>Client<\/strong>&nbsp;s\u2019engage \u00e0 proc\u00e9der \u00e0 une v\u00e9rification r\u00e9guli\u00e8re des donn\u00e9es qui le concernent et \u00e0 proc\u00e9der en ligne, depuis son espace personnel, aux actualisations et modifications n\u00e9cessaires.<\/p>\n\n\n\n<p><strong><u>Bandeau d\u2019information sur les cookies utilis\u00e9s et leur finalit\u00e9&nbsp;:<\/u><\/strong><\/p>\n\n\n\n<p>Nous affichons le bandeau d\u2019information sur les cookies<\/p>\n\n\n\n<p>Nous n\u2019activons pas le consentement implicite<\/p>\n\n\n\n<p><strong><u>Formulaire Page de contact&nbsp;:<\/u><\/strong><\/p>\n\n\n\n<p>Notre soci\u00e9t\u00e9 recueille vos donn\u00e9es afin de traiter votre demande de contact. Les donn\u00e9es requises sont n\u00e9cessaires pour en assurer le suivi, vous contacter et sont r\u00e9serv\u00e9es \u00e0 l\u2019usage exclusif de notre soci\u00e9t\u00e9. Elles ne seront en aucun cas communiqu\u00e9es \u00e0 des tiers.<\/p>\n\n\n\n<p><strong><u>Droit d\u2019acc\u00e8s, de rectification et d\u2019opposition&nbsp;:<\/u><\/strong><\/p>\n\n\n\n<p>Conform\u00e9ment \u00e0 la Loi Informatique et Libert\u00e9s du 6 janvier 1978, les&nbsp;<strong>Clients<\/strong>&nbsp;disposent d\u2019un droit d\u2019opposition, d\u2019interrogation, d\u2019acc\u00e8s et de rectification des donn\u00e9es qu\u2019ils ont fournies. Pour cela, il leur suffit d\u2019en faire la demande \u00e0 France Aero, en la formulant \u00e0 l\u2019adresse \u00e9lectronique suivante :&nbsp;contact@france-aero.com ou encore par courrier postal \u00e0 l\u2019adresse du si\u00e8ge de France Aero mentionn\u00e9e dans les mentions l\u00e9gales des pr\u00e9sentes conditions g\u00e9n\u00e9rales.<\/p>\n\n\n\n<p>Les coordonn\u00e9es de tous les&nbsp;<strong>Clients<\/strong>&nbsp;inscrits sur le pr\u00e9sent&nbsp;<strong>Site<\/strong>&nbsp;sont sauvegard\u00e9es pour une dur\u00e9e de 1 an \u00e0 compter du dernier contact avec le&nbsp;<strong>Client<\/strong>.<\/p>\n\n\n\n<p><strong><u>Respect de la finalit\u00e9 de la collecte de donn\u00e9es personnelles&nbsp;:<\/u><\/strong><\/p>\n\n\n\n<p>Les donn\u00e9es personnelles collect\u00e9es font l\u2019objet d\u2019un traitement informatique et sont exclusivement r\u00e9serv\u00e9es \u00e0 France Aero. Les donn\u00e9es r\u00e9colt\u00e9es sont n\u00e9cessaires \u00e0 la bonne administration du&nbsp;<strong>Site<\/strong>. France Aero s\u2019engage \u00e0 ne pas les utiliser dans un autre cadre ni \u00e0 les transmettre \u00e0 des tiers, hors accord express des&nbsp;<strong>Clients<\/strong>&nbsp;ou cas pr\u00e9vus par la loi. Les donn\u00e9es personnelles r\u00e9colt\u00e9es ne font l\u2019objet d\u2019aucun transfert vers l\u2019\u00e9tranger.<\/p>\n\n\n\n<p><strong><u>Caract\u00e8re facultatif de la fourniture de donn\u00e9es&nbsp;:<\/u><\/strong><\/p>\n\n\n\n<p>La fourniture d\u2019informations personnelles n\u2019est pas indispensable pour la navigation sur le&nbsp;<strong>Site<\/strong>.<\/p>\n\t\t\t\t\t\t\t\t<\/div>\n\t\t\t\t<\/div>\n\t\t\t\t\t<\/div>\n\t\t<\/div>\n\t\t\t\t\t<\/div>\n\t\t<\/section>\n\t\t\t\t<\/div>\n\t\t","protected":false},"excerpt":{"rendered":"<p>POLITIQUE DE CONFIDENTIALITE POLITIQUE DE CONFIDENTIALITE France Aero est d\u00e9termin\u00e9 \u00e0 prot\u00e9ger vos informations personnelles. Notre d\u00e9claration de confidentialit\u00e9 contient des informations importantes relatives \u00e0 votre utilisation du site France Aero : L\u2019utilisateur doit exactement savoir pour quoi et comment vont \u00eatre utilis\u00e9es ses donn\u00e9es personnelles afin de pouvoir accepter et valider en toute connaissance [&hellip;]<\/p>\n","protected":false},"author":1,"featured_media":0,"parent":0,"menu_order":0,"comment_status":"closed","ping_status":"open","template":"","meta":{"site-sidebar-layout":"no-sidebar","site-content-layout":"page-builder","ast-site-content-layout":"default","site-content-style":"default","site-sidebar-style":"default","ast-global-header-display":"","ast-banner-title-visibility":"","ast-main-header-display":"","ast-hfb-above-header-display":"","ast-hfb-below-header-display":"","ast-hfb-mobile-header-display":"","site-post-title":"disabled","ast-breadcrumbs-content":"","ast-featured-img":"disabled","footer-sml-layout":"","ast-disable-related-posts":"","theme-transparent-header-meta":"","adv-header-id-meta":"","stick-header-meta":"","header-above-stick-meta":"","header-main-stick-meta":"","header-below-stick-meta":"","astra-migrate-meta-layouts":"default","ast-page-background-enabled":"default","ast-page-background-meta":{"desktop":{"background-color":"","background-image":"","background-repeat":"repeat","background-position":"center center","background-size":"auto","background-attachment":"scroll","background-type":"","background-media":"","overlay-type":"","overlay-color":"","overlay-opacity":"","overlay-gradient":""},"tablet":{"background-color":"","background-image":"","background-repeat":"repeat","background-position":"center center","background-size":"auto","background-attachment":"scroll","background-type":"","background-media":"","overlay-type":"","overlay-color":"","overlay-opacity":"","overlay-gradient":""},"mobile":{"background-color":"","background-image":"","background-repeat":"repeat","background-position":"center center","background-size":"auto","background-attachment":"scroll","background-type":"","background-media":"","overlay-type":"","overlay-color":"","overlay-opacity":"","overlay-gradient":""}},"ast-content-background-meta":{"desktop":{"background-color":"var(--ast-global-color-5)","background-image":"","background-repeat":"repeat","background-position":"center center","background-size":"auto","background-attachment":"scroll","background-type":"","background-media":"","overlay-type":"","overlay-color":"","overlay-opacity":"","overlay-gradient":""},"tablet":{"background-color":"var(--ast-global-color-5)","background-image":"","background-repeat":"repeat","background-position":"center center","background-size":"auto","background-attachment":"scroll","background-type":"","background-media":"","overlay-type":"","overlay-color":"","overlay-opacity":"","overlay-gradient":""},"mobile":{"background-color":"var(--ast-global-color-5)","background-image":"","background-repeat":"repeat","background-position":"center center","background-size":"auto","background-attachment":"scroll","background-type":"","background-media":"","overlay-type":"","overlay-color":"","overlay-opacity":"","overlay-gradient":""}},"footnotes":""},"class_list":["post-25399","page","type-page","status-publish","hentry"],"lang":"fr","translations":{"fr":25399,"en":26713},"pll_sync_post":[],"_links":{"self":[{"href":"https:\/\/france-aero.com\/index.php?rest_route=\/wp\/v2\/pages\/25399","targetHints":{"allow":["GET"]}}],"collection":[{"href":"https:\/\/france-aero.com\/index.php?rest_route=\/wp\/v2\/pages"}],"about":[{"href":"https:\/\/france-aero.com\/index.php?rest_route=\/wp\/v2\/types\/page"}],"author":[{"embeddable":true,"href":"https:\/\/france-aero.com\/index.php?rest_route=\/wp\/v2\/users\/1"}],"replies":[{"embeddable":true,"href":"https:\/\/france-aero.com\/index.php?rest_route=%2Fwp%2Fv2%2Fcomments&post=25399"}],"version-history":[{"count":8,"href":"https:\/\/france-aero.com\/index.php?rest_route=\/wp\/v2\/pages\/25399\/revisions"}],"predecessor-version":[{"id":26918,"href":"https:\/\/france-aero.com\/index.php?rest_route=\/wp\/v2\/pages\/25399\/revisions\/26918"}],"wp:attachment":[{"href":"https:\/\/france-aero.com\/index.php?rest_route=%2Fwp%2Fv2%2Fmedia&parent=25399"}],"curies":[{"name":"wp","href":"https:\/\/api.w.org\/{rel}","templated":true}]}}