{"id":25195,"date":"2023-01-18T21:50:15","date_gmt":"2023-01-18T20:50:15","guid":{"rendered":"https:\/\/france-aero.com\/?page_id=25195"},"modified":"2023-12-13T10:25:42","modified_gmt":"2023-12-13T09:25:42","slug":"nos-clients","status":"publish","type":"page","link":"https:\/\/france-aero.com\/?page_id=25195","title":{"rendered":"Nos Clients"},"content":{"rendered":"\t\t<div data-elementor-type=\"wp-page\" data-elementor-id=\"25195\" class=\"elementor elementor-25195\">\n\t\t\t\t\t\t<section class=\"elementor-section elementor-top-section elementor-element elementor-element-7fd479e elementor-section-boxed elementor-section-height-default elementor-section-height-default\" data-id=\"7fd479e\" data-element_type=\"section\" data-e-type=\"section\" data-settings=\"{&quot;background_background&quot;:&quot;classic&quot;}\">\n\t\t\t\t\t\t<div class=\"elementor-container elementor-column-gap-default\">\n\t\t\t\t\t<div class=\"elementor-column elementor-col-100 elementor-top-column elementor-element elementor-element-47de9df\" data-id=\"47de9df\" data-element_type=\"column\" data-e-type=\"column\">\n\t\t\t<div class=\"elementor-widget-wrap elementor-element-populated\">\n\t\t\t\t\t\t<div class=\"elementor-element elementor-element-dfeefdc elementor-widget elementor-widget-image-box\" data-id=\"dfeefdc\" data-element_type=\"widget\" data-e-type=\"widget\" data-widget_type=\"image-box.default\">\n\t\t\t\t<div class=\"elementor-widget-container\">\n\t\t\t\t\t<div class=\"elementor-image-box-wrapper\"><div class=\"elementor-image-box-content\"><h1 class=\"elementor-image-box-title\">Nos Clients<\/h1><p class=\"elementor-image-box-description\">L'excellence au service de l'industrie A\u00e9ronautique militaire et civile<\/p><\/div><\/div>\t\t\t\t<\/div>\n\t\t\t\t<\/div>\n\t\t\t\t\t<\/div>\n\t\t<\/div>\n\t\t\t\t\t<\/div>\n\t\t<\/section>\n\t\t\t\t<section class=\"elementor-section elementor-top-section elementor-element elementor-element-7b57a3f elementor-section-boxed elementor-section-height-default elementor-section-height-default\" data-id=\"7b57a3f\" data-element_type=\"section\" data-e-type=\"section\">\n\t\t\t\t\t\t<div class=\"elementor-container elementor-column-gap-default\">\n\t\t\t\t\t<div class=\"elementor-column elementor-col-100 elementor-top-column elementor-element elementor-element-9c8e615\" data-id=\"9c8e615\" data-element_type=\"column\" data-e-type=\"column\">\n\t\t\t<div class=\"elementor-widget-wrap elementor-element-populated\">\n\t\t\t\t\t\t<div class=\"elementor-element elementor-element-f0da64e elementor-widget elementor-widget-text-editor\" data-id=\"f0da64e\" data-element_type=\"widget\" data-e-type=\"widget\" data-widget_type=\"text-editor.default\">\n\t\t\t\t<div class=\"elementor-widget-container\">\n\t\t\t\t\t\t\t\t\t<p style=\"text-align: center;\">Avec ses 30 ans d&rsquo;exp\u00e9rience au service de l&rsquo;industrie a\u00e9ronautique, France A\u00e9ro a su satisfaire de nombreux clients \u00e0 travers le monde, des \u00c9tats-Unis en passant par l&rsquo;Europe, l&rsquo;Asie et les pays d&rsquo;Afrique.<\/p><p style=\"text-align: center;\">Nous sommes fiers de servir une large gamme de clients du secteur a\u00e9ronautique qui comptent sur nous pour leur fournir des produits de haute qualit\u00e9 et un support technique solide.<\/p><p style=\"text-align: center;\">Notre engagement envers la qualit\u00e9 et le service \u00e0 la client\u00e8le se refl\u00e8te dans les relations \u00e0 long terme que nous avons \u00e9tablies avec nos clients. Nous sommes toujours pr\u00eats \u00e0 travailler avec eux pour r\u00e9pondre \u00e0 leurs besoins sp\u00e9cifiques et les aider \u00e0 maintenir leurs avions en \u00e9tat de marche optimal.<\/p><p style=\"text-align: center;\">Nous \u00e9tablissons des devis pour tous, du secteur civil au militaire, \u00e0 l&rsquo;industrie ainsi que pour des \u00e9coles d&rsquo;aviation, simulateurs, ateliers de maintenance a\u00e9ronautique, compagnies de travail a\u00e9rien, a\u00e9roclubs, revendeurs et particuliers&#8230;<\/p>\t\t\t\t\t\t\t\t<\/div>\n\t\t\t\t<\/div>\n\t\t\t\t\t<\/div>\n\t\t<\/div>\n\t\t\t\t\t<\/div>\n\t\t<\/section>\n\t\t\t\t<section class=\"elementor-section elementor-top-section elementor-element elementor-element-5pq5hey elementor-reverse-mobile elementor-section-boxed elementor-section-height-default elementor-section-height-default\" data-id=\"5pq5hey\" data-element_type=\"section\" data-e-type=\"section\">\n\t\t\t\t\t\t<div class=\"elementor-container elementor-column-gap-no\">\n\t\t\t\t\t<div class=\"elementor-column elementor-col-50 elementor-top-column elementor-element elementor-element-1148300\" data-id=\"1148300\" data-element_type=\"column\" data-e-type=\"column\">\n\t\t\t<div class=\"elementor-widget-wrap elementor-element-populated\">\n\t\t\t\t\t\t<div class=\"elementor-element elementor-element-f142ca0 elementor-widget elementor-widget-image-box\" data-id=\"f142ca0\" data-element_type=\"widget\" data-e-type=\"widget\" data-widget_type=\"image-box.default\">\n\t\t\t\t<div class=\"elementor-widget-container\">\n\t\t\t\t\t<div class=\"elementor-image-box-wrapper\"><div class=\"elementor-image-box-content\"><h2 class=\"elementor-image-box-title\">Civils<\/h2><p class=\"elementor-image-box-description\">Notre \u00e9quipe d'experts en a\u00e9ronautique est \u00e0 votre disposition pour vous aider \u00e0 trouver les pi\u00e8ces n\u00e9cessaires pour vos avions priv\u00e9s, quel que soit le mod\u00e8le ou le fabricant de votre appareil. Nous proposons \u00e9galement des services de r\u00e9paration pour aider \u00e0 maintenir vos pi\u00e8ces a\u00e9ronautiques existantes, am\u00e9liorant ainsi la performance et la s\u00e9curit\u00e9 de votre a\u00e9ronef.<\/p><\/div><\/div>\t\t\t\t<\/div>\n\t\t\t\t<\/div>\n\t\t\t\t<div class=\"elementor-element elementor-element-7334a220 elementor-widget elementor-widget-button\" data-id=\"7334a220\" data-element_type=\"widget\" data-e-type=\"widget\" data-widget_type=\"button.default\">\n\t\t\t\t<div class=\"elementor-widget-container\">\n\t\t\t\t\t\t\t\t\t<div class=\"elementor-button-wrapper\">\n\t\t\t\t\t<a class=\"elementor-button elementor-button-link elementor-size-sm\" href=\"https:\/\/france-aero.com\/?page_id=26095\">\n\t\t\t\t\t\t<span class=\"elementor-button-content-wrapper\">\n\t\t\t\t\t\t\t\t\t<span class=\"elementor-button-text\">Contact \/ Cotation<\/span>\n\t\t\t\t\t<\/span>\n\t\t\t\t\t<\/a>\n\t\t\t\t<\/div>\n\t\t\t\t\t\t\t\t<\/div>\n\t\t\t\t<\/div>\n\t\t\t\t\t<\/div>\n\t\t<\/div>\n\t\t\t\t<div class=\"elementor-column elementor-col-50 elementor-top-column elementor-element elementor-element-7285665\" data-id=\"7285665\" data-element_type=\"column\" data-e-type=\"column\">\n\t\t\t<div class=\"elementor-widget-wrap elementor-element-populated\">\n\t\t\t\t\t\t<div class=\"elementor-element elementor-element-508aa5f0 elementor-widget elementor-widget-image\" data-id=\"508aa5f0\" data-element_type=\"widget\" data-e-type=\"widget\" data-widget_type=\"image.default\">\n\t\t\t\t<div class=\"elementor-widget-container\">\n\t\t\t\t\t\t\t\t\t\t\t\t\t\t\t<img fetchpriority=\"high\" decoding=\"async\" width=\"1024\" height=\"765\" src=\"https:\/\/france-aero.com\/wp-content\/uploads\/2023\/01\/041212-040-2-1024x765.jpg\" class=\"attachment-large size-large wp-image-25892\" alt=\"\" srcset=\"https:\/\/france-aero.com\/wp-content\/uploads\/2023\/01\/041212-040-2-1024x765.jpg 1024w, https:\/\/france-aero.com\/wp-content\/uploads\/2023\/01\/041212-040-2-300x224.jpg 300w, https:\/\/france-aero.com\/wp-content\/uploads\/2023\/01\/041212-040-2-768x574.jpg 768w, https:\/\/france-aero.com\/wp-content\/uploads\/2023\/01\/041212-040-2-1536x1147.jpg 1536w, https:\/\/france-aero.com\/wp-content\/uploads\/2023\/01\/041212-040-2.jpg 1920w\" sizes=\"(max-width: 1024px) 100vw, 1024px\" \/>\t\t\t\t\t\t\t\t\t\t\t\t\t\t\t<\/div>\n\t\t\t\t<\/div>\n\t\t\t\t\t<\/div>\n\t\t<\/div>\n\t\t\t\t\t<\/div>\n\t\t<\/section>\n\t\t\t\t<section class=\"elementor-section elementor-top-section elementor-element elementor-element-51mos17 elementor-section-boxed elementor-section-height-default elementor-section-height-default\" data-id=\"51mos17\" data-element_type=\"section\" data-e-type=\"section\">\n\t\t\t\t\t\t<div class=\"elementor-container elementor-column-gap-no\">\n\t\t\t\t\t<div class=\"elementor-column elementor-col-50 elementor-top-column elementor-element elementor-element-4b9de95\" data-id=\"4b9de95\" data-element_type=\"column\" data-e-type=\"column\">\n\t\t\t<div class=\"elementor-widget-wrap elementor-element-populated\">\n\t\t\t\t\t\t<div class=\"elementor-element elementor-element-1fab74e0 elementor-widget elementor-widget-image\" data-id=\"1fab74e0\" data-element_type=\"widget\" data-e-type=\"widget\" data-widget_type=\"image.default\">\n\t\t\t\t<div class=\"elementor-widget-container\">\n\t\t\t\t\t\t\t\t\t\t\t\t\t\t\t<img decoding=\"async\" width=\"1024\" height=\"683\" src=\"https:\/\/france-aero.com\/wp-content\/uploads\/2023\/01\/2014ASAP_108_01_0043-1-1024x683.webp\" class=\"attachment-large size-large wp-image-26009\" alt=\"\" srcset=\"https:\/\/france-aero.com\/wp-content\/uploads\/2023\/01\/2014ASAP_108_01_0043-1-1024x683.webp 1024w, https:\/\/france-aero.com\/wp-content\/uploads\/2023\/01\/2014ASAP_108_01_0043-1-300x200.webp 300w, https:\/\/france-aero.com\/wp-content\/uploads\/2023\/01\/2014ASAP_108_01_0043-1-768x512.webp 768w, https:\/\/france-aero.com\/wp-content\/uploads\/2023\/01\/2014ASAP_108_01_0043-1-1536x1024.webp 1536w, https:\/\/france-aero.com\/wp-content\/uploads\/2023\/01\/2014ASAP_108_01_0043-1.webp 1600w\" sizes=\"(max-width: 1024px) 100vw, 1024px\" \/>\t\t\t\t\t\t\t\t\t\t\t\t\t\t\t<\/div>\n\t\t\t\t<\/div>\n\t\t\t\t\t<\/div>\n\t\t<\/div>\n\t\t\t\t<div class=\"elementor-column elementor-col-50 elementor-top-column elementor-element elementor-element-ddc17dc\" data-id=\"ddc17dc\" data-element_type=\"column\" data-e-type=\"column\">\n\t\t\t<div class=\"elementor-widget-wrap elementor-element-populated\">\n\t\t\t\t\t\t<div class=\"elementor-element elementor-element-5fd89a9 elementor-widget elementor-widget-image-box\" data-id=\"5fd89a9\" data-element_type=\"widget\" data-e-type=\"widget\" data-widget_type=\"image-box.default\">\n\t\t\t\t<div class=\"elementor-widget-container\">\n\t\t\t\t\t<div class=\"elementor-image-box-wrapper\"><div class=\"elementor-image-box-content\"><h2 class=\"elementor-image-box-title\">Militaires<\/h2><p class=\"elementor-image-box-description\">France A\u00e9ro est sollicit\u00e9 par de nombreux gouvernements pour fournir des pi\u00e8ces de maintenance et de r\u00e9paration pour leurs flottes d'avions militaires. L'objectif de l'entreprise est de fournir des produits de qualit\u00e9 sup\u00e9rieure et des services rapides et fiables pour r\u00e9pondre \u00e0 tous les besoins en mati\u00e8re de pi\u00e8ces a\u00e9ronautiques. Avec des fournisseurs fiables, France A\u00e9ro garantit la qualit\u00e9 et la conformit\u00e9 aux normes strictes de s\u00e9curit\u00e9 et de fiabilit\u00e9 pour les pi\u00e8ces vendues.<\/p><\/div><\/div>\t\t\t\t<\/div>\n\t\t\t\t<\/div>\n\t\t\t\t<div class=\"elementor-element elementor-element-d6d9527 elementor-widget elementor-widget-button\" data-id=\"d6d9527\" data-element_type=\"widget\" data-e-type=\"widget\" data-widget_type=\"button.default\">\n\t\t\t\t<div class=\"elementor-widget-container\">\n\t\t\t\t\t\t\t\t\t<div class=\"elementor-button-wrapper\">\n\t\t\t\t\t<a class=\"elementor-button elementor-button-link elementor-size-sm\" href=\"https:\/\/france-aero.com\/?page_id=26095\">\n\t\t\t\t\t\t<span class=\"elementor-button-content-wrapper\">\n\t\t\t\t\t\t\t\t\t<span class=\"elementor-button-text\">Contact \/ Cotation<\/span>\n\t\t\t\t\t<\/span>\n\t\t\t\t\t<\/a>\n\t\t\t\t<\/div>\n\t\t\t\t\t\t\t\t<\/div>\n\t\t\t\t<\/div>\n\t\t\t\t\t<\/div>\n\t\t<\/div>\n\t\t\t\t\t<\/div>\n\t\t<\/section>\n\t\t\t\t<section class=\"elementor-section elementor-top-section elementor-element elementor-element-n3z92bh elementor-reverse-mobile elementor-section-boxed elementor-section-height-default elementor-section-height-default\" data-id=\"n3z92bh\" data-element_type=\"section\" data-e-type=\"section\">\n\t\t\t\t\t\t<div class=\"elementor-container elementor-column-gap-no\">\n\t\t\t\t\t<div class=\"elementor-column elementor-col-50 elementor-top-column elementor-element elementor-element-355c572\" data-id=\"355c572\" data-element_type=\"column\" data-e-type=\"column\">\n\t\t\t<div class=\"elementor-widget-wrap elementor-element-populated\">\n\t\t\t\t\t\t<div class=\"elementor-element elementor-element-feeaa45 elementor-widget elementor-widget-image-box\" data-id=\"feeaa45\" data-element_type=\"widget\" data-e-type=\"widget\" data-widget_type=\"image-box.default\">\n\t\t\t\t<div class=\"elementor-widget-container\">\n\t\t\t\t\t<div class=\"elementor-image-box-wrapper\"><div class=\"elementor-image-box-content\"><h2 class=\"elementor-image-box-title\">Mais aussi :<\/h2><p class=\"elementor-image-box-description\">- Les centres de maintenance a\u00e9ronautique<br>\n- Les organismes de formation<br>\n- Les compagnies a\u00e9riennes<br>\n- Les entreprises de leasing d'avions<br>\n- Les associations<br><br>\nChez France A\u00e9ro, nous sommes toujours pr\u00eats \u00e0 vous aider avec vos besoins en pi\u00e8ces a\u00e9ronautiques. Nous vous invitons \u00e0 nous demander une cotation pour trouver les produits dont vous avez besoin, et nous nous engageons \u00e0 vous fournir un excellent service client tout au long du processus.<\/p><\/div><\/div>\t\t\t\t<\/div>\n\t\t\t\t<\/div>\n\t\t\t\t<div class=\"elementor-element elementor-element-882c271 elementor-widget elementor-widget-button\" data-id=\"882c271\" data-element_type=\"widget\" data-e-type=\"widget\" data-widget_type=\"button.default\">\n\t\t\t\t<div class=\"elementor-widget-container\">\n\t\t\t\t\t\t\t\t\t<div class=\"elementor-button-wrapper\">\n\t\t\t\t\t<a class=\"elementor-button elementor-button-link elementor-size-sm\" href=\"https:\/\/france-aero.com\/?page_id=26095\">\n\t\t\t\t\t\t<span class=\"elementor-button-content-wrapper\">\n\t\t\t\t\t\t\t\t\t<span class=\"elementor-button-text\">Contact \/ Cotation<\/span>\n\t\t\t\t\t<\/span>\n\t\t\t\t\t<\/a>\n\t\t\t\t<\/div>\n\t\t\t\t\t\t\t\t<\/div>\n\t\t\t\t<\/div>\n\t\t\t\t\t<\/div>\n\t\t<\/div>\n\t\t\t\t<div class=\"elementor-column elementor-col-50 elementor-top-column elementor-element elementor-element-623a32c\" data-id=\"623a32c\" data-element_type=\"column\" data-e-type=\"column\">\n\t\t\t<div class=\"elementor-widget-wrap elementor-element-populated\">\n\t\t\t\t\t\t<div class=\"elementor-element elementor-element-628e670 elementor-widget elementor-widget-image\" data-id=\"628e670\" data-element_type=\"widget\" data-e-type=\"widget\" data-widget_type=\"image.default\">\n\t\t\t\t<div class=\"elementor-widget-container\">\n\t\t\t\t\t\t\t\t\t\t\t\t\t\t\t<img decoding=\"async\" width=\"1024\" height=\"683\" src=\"https:\/\/france-aero.com\/wp-content\/uploads\/2023\/01\/2018-10-03-IMG_9028-1024x683.jpg\" class=\"attachment-large size-large wp-image-26008\" alt=\"\" srcset=\"https:\/\/france-aero.com\/wp-content\/uploads\/2023\/01\/2018-10-03-IMG_9028-1024x683.jpg 1024w, https:\/\/france-aero.com\/wp-content\/uploads\/2023\/01\/2018-10-03-IMG_9028-300x200.jpg 300w, https:\/\/france-aero.com\/wp-content\/uploads\/2023\/01\/2018-10-03-IMG_9028-768x512.jpg 768w, https:\/\/france-aero.com\/wp-content\/uploads\/2023\/01\/2018-10-03-IMG_9028-1536x1024.jpg 1536w, https:\/\/france-aero.com\/wp-content\/uploads\/2023\/01\/2018-10-03-IMG_9028-2048x1365.jpg 2048w\" sizes=\"(max-width: 1024px) 100vw, 1024px\" \/>\t\t\t\t\t\t\t\t\t\t\t\t\t\t\t<\/div>\n\t\t\t\t<\/div>\n\t\t\t\t\t<\/div>\n\t\t<\/div>\n\t\t\t\t\t<\/div>\n\t\t<\/section>\n\t\t\t\t<\/div>\n\t\t","protected":false},"excerpt":{"rendered":"<p>Nos Clients L&rsquo;excellence au service de l&rsquo;industrie A\u00e9ronautique militaire et civile Avec ses 30 ans d&rsquo;exp\u00e9rience au service de l&rsquo;industrie a\u00e9ronautique, France A\u00e9ro a su satisfaire de nombreux clients \u00e0 travers le monde, des \u00c9tats-Unis en passant par l&rsquo;Europe, l&rsquo;Asie et les pays d&rsquo;Afrique. Nous sommes fiers de servir une large gamme de clients du [&hellip;]<\/p>\n","protected":false},"author":1,"featured_media":0,"parent":0,"menu_order":0,"comment_status":"closed","ping_status":"open","template":"","meta":{"site-sidebar-layout":"no-sidebar","site-content-layout":"page-builder","ast-site-content-layout":"default","site-content-style":"default","site-sidebar-style":"default","ast-global-header-display":"","ast-banner-title-visibility":"","ast-main-header-display":"","ast-hfb-above-header-display":"","ast-hfb-below-header-display":"","ast-hfb-mobile-header-display":"","site-post-title":"disabled","ast-breadcrumbs-content":"","ast-featured-img":"disabled","footer-sml-layout":"","ast-disable-related-posts":"","theme-transparent-header-meta":"","adv-header-id-meta":"","stick-header-meta":"","header-above-stick-meta":"","header-main-stick-meta":"","header-below-stick-meta":"","astra-migrate-meta-layouts":"default","ast-page-background-enabled":"default","ast-page-background-meta":{"desktop":{"background-color":"","background-image":"","background-repeat":"repeat","background-position":"center center","background-size":"auto","background-attachment":"scroll","background-type":"","background-media":"","overlay-type":"","overlay-color":"","overlay-opacity":"","overlay-gradient":""},"tablet":{"background-color":"","background-image":"","background-repeat":"repeat","background-position":"center center","background-size":"auto","background-attachment":"scroll","background-type":"","background-media":"","overlay-type":"","overlay-color":"","overlay-opacity":"","overlay-gradient":""},"mobile":{"background-color":"","background-image":"","background-repeat":"repeat","background-position":"center center","background-size":"auto","background-attachment":"scroll","background-type":"","background-media":"","overlay-type":"","overlay-color":"","overlay-opacity":"","overlay-gradient":""}},"ast-content-background-meta":{"desktop":{"background-color":"var(--ast-global-color-5)","background-image":"","background-repeat":"repeat","background-position":"center center","background-size":"auto","background-attachment":"scroll","background-type":"","background-media":"","overlay-type":"","overlay-color":"","overlay-opacity":"","overlay-gradient":""},"tablet":{"background-color":"var(--ast-global-color-5)","background-image":"","background-repeat":"repeat","background-position":"center center","background-size":"auto","background-attachment":"scroll","background-type":"","background-media":"","overlay-type":"","overlay-color":"","overlay-opacity":"","overlay-gradient":""},"mobile":{"background-color":"var(--ast-global-color-5)","background-image":"","background-repeat":"repeat","background-position":"center center","background-size":"auto","background-attachment":"scroll","background-type":"","background-media":"","overlay-type":"","overlay-color":"","overlay-opacity":"","overlay-gradient":""}},"footnotes":""},"class_list":["post-25195","page","type-page","status-publish","hentry"],"lang":"fr","translations":{"fr":25195,"en":26692},"pll_sync_post":[],"_links":{"self":[{"href":"https:\/\/france-aero.com\/index.php?rest_route=\/wp\/v2\/pages\/25195","targetHints":{"allow":["GET"]}}],"collection":[{"href":"https:\/\/france-aero.com\/index.php?rest_route=\/wp\/v2\/pages"}],"about":[{"href":"https:\/\/france-aero.com\/index.php?rest_route=\/wp\/v2\/types\/page"}],"author":[{"embeddable":true,"href":"https:\/\/france-aero.com\/index.php?rest_route=\/wp\/v2\/users\/1"}],"replies":[{"embeddable":true,"href":"https:\/\/france-aero.com\/index.php?rest_route=%2Fwp%2Fv2%2Fcomments&post=25195"}],"version-history":[{"count":10,"href":"https:\/\/france-aero.com\/index.php?rest_route=\/wp\/v2\/pages\/25195\/revisions"}],"predecessor-version":[{"id":26996,"href":"https:\/\/france-aero.com\/index.php?rest_route=\/wp\/v2\/pages\/25195\/revisions\/26996"}],"wp:attachment":[{"href":"https:\/\/france-aero.com\/index.php?rest_route=%2Fwp%2Fv2%2Fmedia&parent=25195"}],"curies":[{"name":"wp","href":"https:\/\/api.w.org\/{rel}","templated":true}]}}